{"id":217,"date":"2024-10-24T13:07:44","date_gmt":"2024-10-24T11:07:44","guid":{"rendered":"https:\/\/wsg-sas.com\/services\/"},"modified":"2024-11-27T12:05:08","modified_gmt":"2024-11-27T11:05:08","slug":"services","status":"publish","type":"page","link":"https:\/\/wsg-sas.com\/en\/services\/","title":{"rendered":"Services"},"content":{"rendered":"<div data-elementor-type=\"wp-post\" data-elementor-id=\"217\" class=\"elementor elementor-217\">\n\t\t\t\t<div class=\"elementor-element elementor-element-67f6831 e-flex e-con-boxed e-con e-parent\" data-id=\"67f6831\" data-element_type=\"container\" data-settings=\"{&quot;background_background&quot;:&quot;classic&quot;}\">\n\t\t\t\t\t<div class=\"e-con-inner\">\n\t\t<div class=\"elementor-element elementor-element-ab0befa e-con-full e-flex e-con e-child\" data-id=\"ab0befa\" data-element_type=\"container\">\n\t\t<div class=\"elementor-element elementor-element-dcb01c2 e-con-full e-flex e-con e-child\" data-id=\"dcb01c2\" data-element_type=\"container\">\n\t\t\t\t<div class=\"elementor-element elementor-element-464dd46 elementor-widget elementor-widget-heading\" data-id=\"464dd46\" data-element_type=\"widget\" data-widget_type=\"heading.default\">\n\t\t\t\t<div class=\"elementor-widget-container\">\n\t\t\t<h2 class=\"elementor-heading-title elementor-size-default\">Our services<\/h2>\t\t<\/div>\n\t\t\t\t<\/div>\n\t\t\t\t<div class=\"elementor-element elementor-element-7c3216b elementor-widget-divider--view-line elementor-widget elementor-widget-divider\" data-id=\"7c3216b\" data-element_type=\"widget\" data-widget_type=\"divider.default\">\n\t\t\t\t<div class=\"elementor-widget-container\">\n\t\t\t\t\t<div class=\"elementor-divider\">\n\t\t\t<span class=\"elementor-divider-separator\">\n\t\t\t\t\t\t<\/span>\n\t\t<\/div>\n\t\t\t\t<\/div>\n\t\t\t\t<\/div>\n\t\t\t\t<div class=\"elementor-element elementor-element-ab9e3e6 elementor-widget elementor-widget-text-editor\" data-id=\"ab9e3e6\" data-element_type=\"widget\" data-widget_type=\"text-editor.default\">\n\t\t\t\t<div class=\"elementor-widget-container\">\n\t\t\t\t\t\t\t<p>At WSG, we offer high-quality weighing solutions designed to meet the needs of companies seeking efficiency and precision in the management of their loads and goods flows.<\/p>\t\t\t\t\t\t<\/div>\n\t\t\t\t<\/div>\n\t\t\t\t<div class=\"elementor-element elementor-element-2f8fd59 elementor-widget elementor-widget-heading\" data-id=\"2f8fd59\" data-element_type=\"widget\" id=\"pesages\" data-widget_type=\"heading.default\">\n\t\t\t\t<div class=\"elementor-widget-container\">\n\t\t\t<h2 class=\"elementor-heading-title elementor-size-default\">Weighing<\/h2>\t\t<\/div>\n\t\t\t\t<\/div>\n\t\t\t\t<div class=\"elementor-element elementor-element-3faa905 elementor-widget-divider--view-line elementor-widget elementor-widget-divider\" data-id=\"3faa905\" data-element_type=\"widget\" data-widget_type=\"divider.default\">\n\t\t\t\t<div class=\"elementor-widget-container\">\n\t\t\t\t\t<div class=\"elementor-divider\">\n\t\t\t<span class=\"elementor-divider-separator\">\n\t\t\t\t\t\t<\/span>\n\t\t<\/div>\n\t\t\t\t<\/div>\n\t\t\t\t<\/div>\n\t\t\t\t<\/div>\n\t\t<div class=\"elementor-element elementor-element-ebfbd77 e-con-full e-flex e-con e-child\" data-id=\"ebfbd77\" data-element_type=\"container\">\n\t\t\t\t<div class=\"elementor-element elementor-element-89314cc elementor-widget elementor-widget-heading\" data-id=\"89314cc\" data-element_type=\"widget\" data-widget_type=\"heading.default\">\n\t\t\t\t<div class=\"elementor-widget-container\">\n\t\t\t<h1 class=\"elementor-heading-title elementor-size-default\">Conventional truck weighing (PCC)<\/h1>\t\t<\/div>\n\t\t\t\t<\/div>\n\t\t\t\t<div class=\"elementor-element elementor-element-13977dc elementor-widget elementor-widget-text-editor\" data-id=\"13977dc\" data-element_type=\"widget\" data-widget_type=\"text-editor.default\">\n\t\t\t\t<div class=\"elementor-widget-container\">\n\t\t\t\t\t\t\t<p>Provide accurate tonnages thanks to OIML (International Organization of Legal Metrology) standardized weighing devices.<\/p>\t\t\t\t\t\t<\/div>\n\t\t\t\t<\/div>\n\t\t\t\t<\/div>\n\t\t<div class=\"elementor-element elementor-element-05dbd26 e-con-full e-flex e-con e-child\" data-id=\"05dbd26\" data-element_type=\"container\">\n\t\t\t\t<div class=\"elementor-element elementor-element-2901d41 elementor-widget elementor-widget-heading\" data-id=\"2901d41\" data-element_type=\"widget\" data-widget_type=\"heading.default\">\n\t\t\t\t<div class=\"elementor-widget-container\">\n\t\t\t<h1 class=\"elementor-heading-title elementor-size-default\">Verified Gross Mass (VGM) weighing<\/h1>\t\t<\/div>\n\t\t\t\t<\/div>\n\t\t\t\t<div class=\"elementor-element elementor-element-e566cd9 elementor-widget elementor-widget-text-editor\" data-id=\"e566cd9\" data-element_type=\"widget\" data-widget_type=\"text-editor.default\">\n\t\t\t\t<div class=\"elementor-widget-container\">\n\t\t\t\t\t\t\t<p>Generate accurate data on container tonnages.<\/p>\t\t\t\t\t\t<\/div>\n\t\t\t\t<\/div>\n\t\t\t\t<\/div>\n\t\t<div class=\"elementor-element elementor-element-f522d5d e-con-full e-flex e-con e-child\" data-id=\"f522d5d\" data-element_type=\"container\">\n\t\t\t\t<div class=\"elementor-element elementor-element-b99b93a elementor-widget elementor-widget-heading\" data-id=\"b99b93a\" data-element_type=\"widget\" data-widget_type=\"heading.default\">\n\t\t\t\t<div class=\"elementor-widget-container\">\n\t\t\t<h1 class=\"elementor-heading-title elementor-size-default\">Truck axle weighing (PEC)<\/h1>\t\t<\/div>\n\t\t\t\t<\/div>\n\t\t\t\t<div class=\"elementor-element elementor-element-6db4f1d elementor-widget elementor-widget-text-editor\" data-id=\"6db4f1d\" data-element_type=\"widget\" data-widget_type=\"text-editor.default\">\n\t\t\t\t<div class=\"elementor-widget-container\">\n\t\t\t\t\t\t\t<p>Perform dynamic weighing of vehicle axles to check for overloading.<\/p>\t\t\t\t\t\t<\/div>\n\t\t\t\t<\/div>\n\t\t\t\t<\/div>\n\t\t\t\t<\/div>\n\t\t<div class=\"elementor-element elementor-element-988e81a e-con-full elementor-hidden-tablet e-flex e-con e-child\" data-id=\"988e81a\" data-element_type=\"container\">\n\t\t<div class=\"elementor-element elementor-element-eac52ce e-con-full e-flex e-con e-child\" data-id=\"eac52ce\" data-element_type=\"container\" data-settings=\"{&quot;background_background&quot;:&quot;classic&quot;}\">\n\t\t\t\t<\/div>\n\t\t\t\t<\/div>\n\t\t\t\t\t<\/div>\n\t\t\t\t<\/div>\n\t\t<div class=\"elementor-element elementor-element-cbf7618 e-flex e-con-boxed e-con e-parent\" data-id=\"cbf7618\" data-element_type=\"container\" data-settings=\"{&quot;background_background&quot;:&quot;classic&quot;}\">\n\t\t\t\t\t<div class=\"e-con-inner\">\n\t\t<div class=\"elementor-element elementor-element-20fb1d8 e-con-full e-flex e-con e-child\" data-id=\"20fb1d8\" data-element_type=\"container\">\n\t\t<div class=\"elementor-element elementor-element-ffc42e2 e-con-full e-flex e-con e-child\" data-id=\"ffc42e2\" data-element_type=\"container\">\n\t\t<div class=\"elementor-element elementor-element-5900d6b e-con-full e-flex e-con e-child\" data-id=\"5900d6b\" data-element_type=\"container\">\n\t\t\t\t<div class=\"elementor-element elementor-element-7d1decf elementor-widget elementor-widget-heading\" data-id=\"7d1decf\" data-element_type=\"widget\" id=\"peages\" data-widget_type=\"heading.default\">\n\t\t\t\t<div class=\"elementor-widget-container\">\n\t\t\t<h2 class=\"elementor-heading-title elementor-size-default\">Tolls :<\/h2>\t\t<\/div>\n\t\t\t\t<\/div>\n\t\t\t\t<div class=\"elementor-element elementor-element-bb5b7cd elementor-widget-divider--view-line elementor-widget elementor-widget-divider\" data-id=\"bb5b7cd\" data-element_type=\"widget\" data-widget_type=\"divider.default\">\n\t\t\t\t<div class=\"elementor-widget-container\">\n\t\t\t\t\t<div class=\"elementor-divider\">\n\t\t\t<span class=\"elementor-divider-separator\">\n\t\t\t\t\t\t<\/span>\n\t\t<\/div>\n\t\t\t\t<\/div>\n\t\t\t\t<\/div>\n\t\t\t\t<\/div>\n\t\t\t\t<div class=\"elementor-element elementor-element-dd5923f elementor-widget elementor-widget-text-editor\" data-id=\"dd5923f\" data-element_type=\"widget\" data-widget_type=\"text-editor.default\">\n\t\t\t\t<div class=\"elementor-widget-container\">\n\t\t\t\t\t\t\t<p>With Weighing Services for Gabon, the tollbooth becomes much more than just a crossing point. It's a shared commitment to building a modern, safe and sustainable road network in Gabon.<\/p>\t\t\t\t\t\t<\/div>\n\t\t\t\t<\/div>\n\t\t<div class=\"elementor-element elementor-element-c327980 e-con-full e-flex e-con e-child\" data-id=\"c327980\" data-element_type=\"container\">\n\t\t\t\t<div class=\"elementor-element elementor-element-1bd4d6c elementor-widget elementor-widget-heading\" data-id=\"1bd4d6c\" data-element_type=\"widget\" data-widget_type=\"heading.default\">\n\t\t\t\t<div class=\"elementor-widget-container\">\n\t\t\t<h1 class=\"elementor-heading-title elementor-size-default\">Fundraising<\/h1>\t\t<\/div>\n\t\t\t\t<\/div>\n\t\t\t\t<div class=\"elementor-element elementor-element-2f00f1e elementor-widget elementor-widget-text-editor\" data-id=\"2f00f1e\" data-element_type=\"widget\" data-widget_type=\"text-editor.default\">\n\t\t\t\t<div class=\"elementor-widget-container\">\n\t\t\t\t\t\t\t<p>Tolls provide ongoing funding for road maintenance and upgrades, guaranteeing their durability and safety.<\/p>\t\t\t\t\t\t<\/div>\n\t\t\t\t<\/div>\n\t\t\t\t<\/div>\n\t\t<div class=\"elementor-element elementor-element-01a6ec6 e-con-full e-flex e-con e-child\" data-id=\"01a6ec6\" data-element_type=\"container\">\n\t\t\t\t<div class=\"elementor-element elementor-element-71ab60b elementor-widget elementor-widget-heading\" data-id=\"71ab60b\" data-element_type=\"widget\" data-widget_type=\"heading.default\">\n\t\t\t\t<div class=\"elementor-widget-container\">\n\t\t\t<h1 class=\"elementor-heading-title elementor-size-default\">Modern systems<\/h1>\t\t<\/div>\n\t\t\t\t<\/div>\n\t\t\t\t<div class=\"elementor-element elementor-element-70ce900 elementor-widget elementor-widget-text-editor\" data-id=\"70ce900\" data-element_type=\"widget\" data-widget_type=\"text-editor.default\">\n\t\t\t\t<div class=\"elementor-widget-container\">\n\t\t\t\t\t\t\t<p>We use advanced technologies for fast, efficient passage, reducing waiting times and traffic jams.<\/p>\t\t\t\t\t\t<\/div>\n\t\t\t\t<\/div>\n\t\t\t\t<\/div>\n\t\t<div class=\"elementor-element elementor-element-70eee8e e-con-full e-flex e-con e-child\" data-id=\"70eee8e\" data-element_type=\"container\">\n\t\t\t\t<div class=\"elementor-element elementor-element-8f0a096 elementor-widget elementor-widget-heading\" data-id=\"8f0a096\" data-element_type=\"widget\" data-widget_type=\"heading.default\">\n\t\t\t\t<div class=\"elementor-widget-container\">\n\t\t\t<h1 class=\"elementor-heading-title elementor-size-default\">Committed to safety<\/h1>\t\t<\/div>\n\t\t\t\t<\/div>\n\t\t\t\t<div class=\"elementor-element elementor-element-d11454d elementor-widget elementor-widget-text-editor\" data-id=\"d11454d\" data-element_type=\"widget\" data-widget_type=\"text-editor.default\">\n\t\t\t\t<div class=\"elementor-widget-container\">\n\t\t\t\t\t\t\t<p>In addition to toll management, we work with local authorities to improve road safety on the roads concerned.<\/p>\t\t\t\t\t\t<\/div>\n\t\t\t\t<\/div>\n\t\t\t\t<\/div>\n\t\t<div class=\"elementor-element elementor-element-70dd635 e-con-full e-flex e-con e-child\" data-id=\"70dd635\" data-element_type=\"container\">\n\t\t\t\t<div class=\"elementor-element elementor-element-6933c16 elementor-widget elementor-widget-heading\" data-id=\"6933c16\" data-element_type=\"widget\" data-widget_type=\"heading.default\">\n\t\t\t\t<div class=\"elementor-widget-container\">\n\t\t\t<h1 class=\"elementor-heading-title elementor-size-default\">Local impact<\/h1>\t\t<\/div>\n\t\t\t\t<\/div>\n\t\t\t\t<div class=\"elementor-element elementor-element-4f8c9ea elementor-widget elementor-widget-text-editor\" data-id=\"4f8c9ea\" data-element_type=\"widget\" data-widget_type=\"text-editor.default\">\n\t\t\t\t<div class=\"elementor-widget-container\">\n\t\t\t\t\t\t\t<p>Our activities create employment opportunities and contribute to the growth of the surrounding communities.<\/p>\t\t\t\t\t\t<\/div>\n\t\t\t\t<\/div>\n\t\t\t\t<\/div>\n\t\t\t\t<\/div>\n\t\t\t\t<\/div>\n\t\t<div class=\"elementor-element elementor-element-11d871f e-con-full elementor-hidden-tablet e-flex e-con e-child\" data-id=\"11d871f\" data-element_type=\"container\" data-settings=\"{&quot;background_background&quot;:&quot;classic&quot;}\">\n\t\t\t\t<\/div>\n\t\t\t\t\t<\/div>\n\t\t\t\t<\/div>\n\t\t\t\t<\/div>","protected":false},"excerpt":{"rendered":"<p>Nos Activit\u00e9s Chez WSG, nous proposons des solutions de pesage de haute qualit\u00e9, con\u00e7ues pour r\u00e9pondre aux besoins des entreprises en qu\u00eate d\u2019efficacit\u00e9 et de pr\u00e9cision dans la gestion de leurs charges et flux de marchandises. Pesage : Pesage classique des camions (PCC) Fournir des tonnages pr\u00e9cis gr\u00e2ce aux dispositifs de pes\u00e9e normalis\u00e9s selon l\u2019OIML [&hellip;]<\/p>","protected":false},"author":12,"featured_media":0,"parent":0,"menu_order":0,"comment_status":"closed","ping_status":"closed","template":"","meta":{"_surecart_dashboard_logo_width":"180px","_surecart_dashboard_show_logo":true,"_surecart_dashboard_navigation_orders":true,"_surecart_dashboard_navigation_subscriptions":true,"_surecart_dashboard_navigation_downloads":true,"_surecart_dashboard_navigation_billing":true,"_surecart_dashboard_navigation_account":true,"_uag_custom_page_level_css":"","site-sidebar-layout":"no-sidebar","site-content-layout":"page-builder","ast-site-content-layout":"","site-content-style":"default","site-sidebar-style":"default","ast-global-header-display":"","ast-banner-title-visibility":"","ast-main-header-display":"","ast-hfb-above-header-display":"","ast-hfb-below-header-display":"","ast-hfb-mobile-header-display":"","site-post-title":"disabled","ast-breadcrumbs-content":"","ast-featured-img":"disabled","footer-sml-layout":"","theme-transparent-header-meta":"enabled","adv-header-id-meta":"","stick-header-meta":"","header-above-stick-meta":"","header-main-stick-meta":"","header-below-stick-meta":"","astra-migrate-meta-layouts":"default","ast-page-background-enabled":"default","ast-page-background-meta":{"desktop":{"background-color":"","background-image":"","background-repeat":"repeat","background-position":"center center","background-size":"auto","background-attachment":"scroll","background-type":"","background-media":"","overlay-type":"","overlay-color":"","overlay-opacity":"","overlay-gradient":""},"tablet":{"background-color":"","background-image":"","background-repeat":"repeat","background-position":"center center","background-size":"auto","background-attachment":"scroll","background-type":"","background-media":"","overlay-type":"","overlay-color":"","overlay-opacity":"","overlay-gradient":""},"mobile":{"background-color":"","background-image":"","background-repeat":"repeat","background-position":"center center","background-size":"auto","background-attachment":"scroll","background-type":"","background-media":"","overlay-type":"","overlay-color":"","overlay-opacity":"","overlay-gradient":""}},"ast-content-background-meta":{"desktop":{"background-color":"var(--ast-global-color-5)","background-image":"","background-repeat":"repeat","background-position":"center center","background-size":"auto","background-attachment":"scroll","background-type":"","background-media":"","overlay-type":"","overlay-color":"","overlay-opacity":"","overlay-gradient":""},"tablet":{"background-color":"var(--ast-global-color-5)","background-image":"","background-repeat":"repeat","background-position":"center center","background-size":"auto","background-attachment":"scroll","background-type":"","background-media":"","overlay-type":"","overlay-color":"","overlay-opacity":"","overlay-gradient":""},"mobile":{"background-color":"var(--ast-global-color-5)","background-image":"","background-repeat":"repeat","background-position":"center center","background-size":"auto","background-attachment":"scroll","background-type":"","background-media":"","overlay-type":"","overlay-color":"","overlay-opacity":"","overlay-gradient":""}},"footnotes":""},"class_list":["post-217","page","type-page","status-publish","hentry"],"uagb_featured_image_src":{"full":false,"thumbnail":false,"medium":false,"medium_large":false,"large":false,"1536x1536":false,"2048x2048":false,"trp-custom-language-flag":false},"uagb_author_info":{"display_name":"My Admin","author_link":"https:\/\/wsg-sas.com\/en\/author\/admim\/"},"uagb_comment_info":0,"uagb_excerpt":"Nos Activit\u00e9s Chez WSG, nous proposons des solutions de pesage de haute qualit\u00e9, con\u00e7ues pour r\u00e9pondre aux besoins des entreprises en qu\u00eate d\u2019efficacit\u00e9 et de pr\u00e9cision dans la gestion de leurs charges et flux de marchandises. Pesage : Pesage classique des camions (PCC) Fournir des tonnages pr\u00e9cis gr\u00e2ce aux dispositifs de pes\u00e9e normalis\u00e9s selon l\u2019OIML&hellip;","_links":{"self":[{"href":"https:\/\/wsg-sas.com\/en\/wp-json\/wp\/v2\/pages\/217","targetHints":{"allow":["GET"]}}],"collection":[{"href":"https:\/\/wsg-sas.com\/en\/wp-json\/wp\/v2\/pages"}],"about":[{"href":"https:\/\/wsg-sas.com\/en\/wp-json\/wp\/v2\/types\/page"}],"author":[{"embeddable":true,"href":"https:\/\/wsg-sas.com\/en\/wp-json\/wp\/v2\/users\/12"}],"replies":[{"embeddable":true,"href":"https:\/\/wsg-sas.com\/en\/wp-json\/wp\/v2\/comments?post=217"}],"version-history":[{"count":39,"href":"https:\/\/wsg-sas.com\/en\/wp-json\/wp\/v2\/pages\/217\/revisions"}],"predecessor-version":[{"id":2470,"href":"https:\/\/wsg-sas.com\/en\/wp-json\/wp\/v2\/pages\/217\/revisions\/2470"}],"wp:attachment":[{"href":"https:\/\/wsg-sas.com\/en\/wp-json\/wp\/v2\/media?parent=217"}],"curies":[{"name":"wp","href":"https:\/\/api.w.org\/{rel}","templated":true}]}}