{"id":355,"date":"2024-10-24T13:07:44","date_gmt":"2024-10-24T11:07:44","guid":{"rendered":"https:\/\/wsg-sas.com\/home\/"},"modified":"2024-12-06T12:39:42","modified_gmt":"2024-12-06T11:39:42","slug":"home","status":"publish","type":"page","link":"https:\/\/wsg-sas.com\/en\/","title":{"rendered":"Home"},"content":{"rendered":"<div data-elementor-type=\"wp-page\" data-elementor-id=\"355\" class=\"elementor elementor-355\">\n\t\t\t\t<div class=\"elementor-element elementor-element-4c62737 e-flex e-con-boxed e-con e-parent\" data-id=\"4c62737\" data-element_type=\"container\" data-settings=\"{&quot;background_background&quot;:&quot;slideshow&quot;,&quot;background_slideshow_gallery&quot;:[{&quot;id&quot;:2320,&quot;url&quot;:&quot;https:\\\/\\\/wsg-sas.com\\\/wp-content\\\/uploads\\\/2024\\\/10\\\/GSEZ-Port.jpg&quot;},{&quot;id&quot;:2321,&quot;url&quot;:&quot;https:\\\/\\\/wsg-sas.com\\\/wp-content\\\/uploads\\\/2024\\\/10\\\/Owendo-Port.jpg&quot;}],&quot;background_slideshow_ken_burns&quot;:&quot;yes&quot;,&quot;background_slideshow_loop&quot;:&quot;yes&quot;,&quot;background_slideshow_slide_duration&quot;:5000,&quot;background_slideshow_slide_transition&quot;:&quot;fade&quot;,&quot;background_slideshow_transition_duration&quot;:500,&quot;background_slideshow_ken_burns_zoom_direction&quot;:&quot;in&quot;}\">\n\t\t\t\t\t<div class=\"e-con-inner\">\n\t\t<div class=\"elementor-element elementor-element-d508afc e-con-full e-flex e-con e-child\" data-id=\"d508afc\" data-element_type=\"container\">\n\t\t\t\t<div class=\"elementor-element elementor-element-52be4b9 elementor-widget elementor-widget-heading\" data-id=\"52be4b9\" data-element_type=\"widget\" data-widget_type=\"heading.default\">\n\t\t\t\t<div class=\"elementor-widget-container\">\n\t\t\t<h1 class=\"elementor-heading-title elementor-size-default\">WEIGHING IS PRESERVING!<\/h1>\t\t<\/div>\n\t\t\t\t<\/div>\n\t\t\t\t<div class=\"elementor-element elementor-element-d1f45ca elementor-widget-divider--view-line elementor-widget elementor-widget-divider\" data-id=\"d1f45ca\" data-element_type=\"widget\" data-widget_type=\"divider.default\">\n\t\t\t\t<div class=\"elementor-widget-container\">\n\t\t\t\t\t<div class=\"elementor-divider\">\n\t\t\t<span class=\"elementor-divider-separator\">\n\t\t\t\t\t\t<\/span>\n\t\t<\/div>\n\t\t\t\t<\/div>\n\t\t\t\t<\/div>\n\t\t\t\t<div class=\"elementor-element elementor-element-1ea2973 elementor-widget elementor-widget-text-editor\" data-id=\"1ea2973\" data-element_type=\"widget\" data-widget_type=\"text-editor.default\">\n\t\t\t\t<div class=\"elementor-widget-container\">\n\t\t\t\t\t\t\t<p>Optimizing infrastructure and transport with reliable services<\/p>\t\t\t\t\t\t<\/div>\n\t\t\t\t<\/div>\n\t\t\t\t<\/div>\n\t\t\t\t\t<\/div>\n\t\t\t\t<\/div>\n\t\t\t\t<section class=\"elementor-section elementor-top-section elementor-element elementor-element-rl4jvsv elementor-section-content-top elementor-section-boxed elementor-section-height-default elementor-section-height-default\" data-id=\"rl4jvsv\" data-element_type=\"section\" data-settings=\"{&quot;background_background&quot;:&quot;classic&quot;}\">\n\t\t\t\t\t\t\t<div class=\"elementor-background-overlay\"><\/div>\n\t\t\t\t\t\t\t<div class=\"elementor-container elementor-column-gap-no\">\n\t\t\t\t\t<div class=\"elementor-column elementor-col-50 elementor-top-column elementor-element elementor-element-233a7da\" data-id=\"233a7da\" data-element_type=\"column\">\n\t\t\t<div class=\"elementor-widget-wrap elementor-element-populated\">\n\t\t\t\t\t\t<div class=\"elementor-element elementor-element-2784edf elementor-widget elementor-widget-heading\" data-id=\"2784edf\" data-element_type=\"widget\" data-widget_type=\"heading.default\">\n\t\t\t\t<div class=\"elementor-widget-container\">\n\t\t\t<h2 class=\"elementor-heading-title elementor-size-default\">About<\/h2>\t\t<\/div>\n\t\t\t\t<\/div>\n\t\t\t\t<div class=\"elementor-element elementor-element-4647bf0 elementor-widget-divider--view-line elementor-widget elementor-widget-divider\" data-id=\"4647bf0\" data-element_type=\"widget\" data-widget_type=\"divider.default\">\n\t\t\t\t<div class=\"elementor-widget-container\">\n\t\t\t\t\t<div class=\"elementor-divider\">\n\t\t\t<span class=\"elementor-divider-separator\">\n\t\t\t\t\t\t<\/span>\n\t\t<\/div>\n\t\t\t\t<\/div>\n\t\t\t\t<\/div>\n\t\t\t\t<div class=\"elementor-element elementor-element-2a5cc9a elementor-widget elementor-widget-text-editor\" data-id=\"2a5cc9a\" data-element_type=\"widget\" data-widget_type=\"text-editor.default\">\n\t\t\t\t<div class=\"elementor-widget-container\">\n\t\t\t\t\t\t\t<p><span data-olk-copy-source=\"MessageBody\">WSG (Weighing Services for Gabon) is a subsidiary of the BFC SA Group, specializing in weighing and toll solutions. Our mission is to provide high-quality services that improve road infrastructure management and optimize transport processes in Gabon.<\/span><\/p>\t\t\t\t\t\t<\/div>\n\t\t\t\t<\/div>\n\t\t\t\t<div class=\"elementor-element elementor-element-30d1ac7 elementor-widget elementor-widget-heading\" data-id=\"30d1ac7\" data-element_type=\"widget\" data-widget_type=\"heading.default\">\n\t\t\t\t<div class=\"elementor-widget-container\">\n\t\t\t<h4 class=\"elementor-heading-title elementor-size-default\">Our vision<\/h4>\t\t<\/div>\n\t\t\t\t<\/div>\n\t\t\t\t<div class=\"elementor-element elementor-element-ef41f56 elementor-widget elementor-widget-text-editor\" data-id=\"ef41f56\" data-element_type=\"widget\" data-widget_type=\"text-editor.default\">\n\t\t\t\t<div class=\"elementor-widget-container\">\n\t\t\t\t\t\t\t<p><!--StartFragment--><span data-olk-copy-source=\"MessageBody\">At WSG (Weighing Services for Gabon), our vision is to become the undisputed leader in weighing and toll services in Central Africa. We aspire to transform road infrastructure management through cutting-edge technologies and innovative solutions, contributing to smoother, more sustainable mobility for people and goods.<\/span><!--EndFragment--><\/p>\t\t\t\t\t\t<\/div>\n\t\t\t\t<\/div>\n\t\t\t\t\t<\/div>\n\t\t<\/div>\n\t\t\t\t<div class=\"elementor-column elementor-col-50 elementor-top-column elementor-element elementor-element-d4838ed\" data-id=\"d4838ed\" data-element_type=\"column\">\n\t\t\t<div class=\"elementor-widget-wrap elementor-element-populated\">\n\t\t\t\t\t\t<div class=\"elementor-element elementor-element-353276c elementor-widget elementor-widget-heading\" data-id=\"353276c\" data-element_type=\"widget\" data-widget_type=\"heading.default\">\n\t\t\t\t<div class=\"elementor-widget-container\">\n\t\t\t<h4 class=\"elementor-heading-title elementor-size-default\">Our Mission<\/h4>\t\t<\/div>\n\t\t\t\t<\/div>\n\t\t\t\t<div class=\"elementor-element elementor-element-7b5b409 elementor-widget elementor-widget-text-editor\" data-id=\"7b5b409\" data-element_type=\"widget\" data-widget_type=\"text-editor.default\">\n\t\t\t\t<div class=\"elementor-widget-container\">\n\t\t\t\t\t\t\t<p><span data-olk-copy-source=\"MessageBody\">Our mission is to provide reliable, accurate and secure weighing and tolling services that meet the needs of local authorities, businesses and road users <\/span><\/p>\t\t\t\t\t\t<\/div>\n\t\t\t\t<\/div>\n\t\t\t\t<div class=\"elementor-element elementor-element-4690993 elementor-widget elementor-widget-heading\" data-id=\"4690993\" data-element_type=\"widget\" data-widget_type=\"heading.default\">\n\t\t\t\t<div class=\"elementor-widget-container\">\n\t\t\t<h6 class=\"elementor-heading-title elementor-size-default\">We are committed to :<\/h6>\t\t<\/div>\n\t\t\t\t<\/div>\n\t\t\t\t<div class=\"elementor-element elementor-element-2a67b14 elementor-icon-list--layout-traditional elementor-list-item-link-full_width elementor-widget elementor-widget-icon-list\" data-id=\"2a67b14\" data-element_type=\"widget\" data-widget_type=\"icon-list.default\">\n\t\t\t\t<div class=\"elementor-widget-container\">\n\t\t\t\t\t<ul class=\"elementor-icon-list-items\">\n\t\t\t\t\t\t\t<li class=\"elementor-icon-list-item\">\n\t\t\t\t\t\t\t\t\t\t\t<span class=\"elementor-icon-list-icon\">\n\t\t\t\t\t\t\t<i aria-hidden=\"true\" class=\"fas fa-circle\"><\/i>\t\t\t\t\t\t<\/span>\n\t\t\t\t\t\t\t\t\t\t<span class=\"elementor-icon-list-text\">Offer technological solutions adapted to local requirements while complying with international standards.<\/span>\n\t\t\t\t\t\t\t\t\t<\/li>\n\t\t\t\t\t\t\t\t<li class=\"elementor-icon-list-item\">\n\t\t\t\t\t\t\t\t\t\t\t<span class=\"elementor-icon-list-icon\">\n\t\t\t\t\t\t\t<i aria-hidden=\"true\" class=\"fas fa-circle\"><\/i>\t\t\t\t\t\t<\/span>\n\t\t\t\t\t\t\t\t\t\t<span class=\"elementor-icon-list-text\">Contribute to optimizing road infrastructure management.  <\/span>\n\t\t\t\t\t\t\t\t\t<\/li>\n\t\t\t\t\t\t\t\t<li class=\"elementor-icon-list-item\">\n\t\t\t\t\t\t\t\t\t\t\t<span class=\"elementor-icon-list-icon\">\n\t\t\t\t\t\t\t<i aria-hidden=\"true\" class=\"fas fa-circle\"><\/i>\t\t\t\t\t\t<\/span>\n\t\t\t\t\t\t\t\t\t\t<span class=\"elementor-icon-list-text\">Actively participate in Gabon's economic development through efficient management of transport flows and infrastructure.<\/span>\n\t\t\t\t\t\t\t\t\t<\/li>\n\t\t\t\t\t\t<\/ul>\n\t\t\t\t<\/div>\n\t\t\t\t<\/div>\n\t\t\t\t<div class=\"elementor-element elementor-element-da6dc4b elementor-widget elementor-widget-heading\" data-id=\"da6dc4b\" data-element_type=\"widget\" data-widget_type=\"heading.default\">\n\t\t\t\t<div class=\"elementor-widget-container\">\n\t\t\t<h4 class=\"elementor-heading-title elementor-size-default\">Our Values<\/h4>\t\t<\/div>\n\t\t\t\t<\/div>\n\t\t\t\t<div class=\"elementor-element elementor-element-499ed63 elementor-widget elementor-widget-text-editor\" data-id=\"499ed63\" data-element_type=\"widget\" data-widget_type=\"text-editor.default\">\n\t\t\t\t<div class=\"elementor-widget-container\">\n\t\t\t\t\t\t\t<p>WSG strives to set standards of quality and performance in the infrastructure sector in Central Africa through certain values.<\/p>\t\t\t\t\t\t<\/div>\n\t\t\t\t<\/div>\n\t\t\t\t\t<\/div>\n\t\t<\/div>\n\t\t\t\t\t<\/div>\n\t\t<\/section>\n\t\t<div class=\"elementor-element elementor-element-9e5d0d8 e-flex e-con-boxed e-con e-parent\" data-id=\"9e5d0d8\" data-element_type=\"container\" data-settings=\"{&quot;background_background&quot;:&quot;classic&quot;}\">\n\t\t\t\t\t<div class=\"e-con-inner\">\n\t\t<div class=\"elementor-element elementor-element-ee5bc06 e-con-full e-flex e-con e-child\" data-id=\"ee5bc06\" data-element_type=\"container\">\n\t\t\t\t<\/div>\n\t\t<div class=\"elementor-element elementor-element-9597089 e-con-full e-flex e-con e-child\" data-id=\"9597089\" data-element_type=\"container\">\n\t\t<div class=\"elementor-element elementor-element-d6b33ff e-con-full e-flex e-con e-child\" data-id=\"d6b33ff\" data-element_type=\"container\">\n\t\t\t\t<div class=\"elementor-element elementor-element-894c505 elementor-widget elementor-widget-heading\" data-id=\"894c505\" data-element_type=\"widget\" data-widget_type=\"heading.default\">\n\t\t\t\t<div class=\"elementor-widget-container\">\n\t\t\t<h2 class=\"elementor-heading-title elementor-size-default\">Our services<\/h2>\t\t<\/div>\n\t\t\t\t<\/div>\n\t\t\t\t<div class=\"elementor-element elementor-element-45718c0 elementor-widget-divider--view-line elementor-widget elementor-widget-divider\" data-id=\"45718c0\" data-element_type=\"widget\" data-widget_type=\"divider.default\">\n\t\t\t\t<div class=\"elementor-widget-container\">\n\t\t\t\t\t<div class=\"elementor-divider\">\n\t\t\t<span class=\"elementor-divider-separator\">\n\t\t\t\t\t\t<\/span>\n\t\t<\/div>\n\t\t\t\t<\/div>\n\t\t\t\t<\/div>\n\t\t\t\t<div class=\"elementor-element elementor-element-15ad78f elementor-widget elementor-widget-text-editor\" data-id=\"15ad78f\" data-element_type=\"widget\" data-widget_type=\"text-editor.default\">\n\t\t\t\t<div class=\"elementor-widget-container\">\n\t\t\t\t\t\t\t<p>At WSG, we offer high-quality weighing solutions designed to meet the needs of companies seeking efficiency and precision in the management of their loads and goods flows.<\/p>\t\t\t\t\t\t<\/div>\n\t\t\t\t<\/div>\n\t\t\t\t<\/div>\n\t\t<div class=\"elementor-element elementor-element-19b37cb e-con-full e-flex e-con e-child\" data-id=\"19b37cb\" data-element_type=\"container\">\n\t\t<div class=\"elementor-element elementor-element-ae8c176 e-con-full e-flex e-con e-child\" data-id=\"ae8c176\" data-element_type=\"container\">\n\t\t\t\t<div class=\"elementor-element elementor-element-ac2206c elementor-widget elementor-widget-image\" data-id=\"ac2206c\" data-element_type=\"widget\" data-widget_type=\"image.default\">\n\t\t\t\t<div class=\"elementor-widget-container\">\n\t\t\t\t\t\t\t\t\t\t\t\t\t<img fetchpriority=\"high\" decoding=\"async\" width=\"1024\" height=\"1024\" src=\"https:\/\/wsg-sas.com\/wp-content\/uploads\/2024\/10\/Icone-WSG.png\" class=\"attachment-large size-large wp-image-6\" alt=\"Ic\u00f4ne WSG\" \/>\t\t\t\t\t\t\t\t\t\t\t\t\t<\/div>\n\t\t\t\t<\/div>\n\t\t\t\t<\/div>\n\t\t\t\t<\/div>\n\t\t\t\t<\/div>\n\t\t<div class=\"elementor-element elementor-element-06eac71 e-con-full e-flex e-con e-child\" data-id=\"06eac71\" data-element_type=\"container\">\n\t\t<div class=\"elementor-element elementor-element-5cc1dd9 e-con-full e-flex e-con e-child\" data-id=\"5cc1dd9\" data-element_type=\"container\">\n\t\t\t\t<div class=\"elementor-element elementor-element-a8ad556 elementor-widget elementor-widget-heading\" data-id=\"a8ad556\" data-element_type=\"widget\" data-widget_type=\"heading.default\">\n\t\t\t\t<div class=\"elementor-widget-container\">\n\t\t\t<h2 class=\"elementor-heading-title elementor-size-default\">Conventional truck weighing (PCC)<\/h2>\t\t<\/div>\n\t\t\t\t<\/div>\n\t\t\t\t<div class=\"elementor-element elementor-element-71c75e3 elementor-widget elementor-widget-text-editor\" data-id=\"71c75e3\" data-element_type=\"widget\" data-widget_type=\"text-editor.default\">\n\t\t\t\t<div class=\"elementor-widget-container\">\n\t\t\t\t\t\t\t<p>Provide accurate tonnages thanks to OIML (International Organization of Legal Metrology) standardized weighing devices.<\/p>\t\t\t\t\t\t<\/div>\n\t\t\t\t<\/div>\n\t\t\t\t<\/div>\n\t\t<div class=\"elementor-element elementor-element-19f1808 e-con-full e-flex e-con e-child\" data-id=\"19f1808\" data-element_type=\"container\">\n\t\t<div class=\"elementor-element elementor-element-658f11a e-con-full e-flex e-con e-child\" data-id=\"658f11a\" data-element_type=\"container\">\n\t\t\t\t<div class=\"elementor-element elementor-element-4e9b5d0 elementor-widget elementor-widget-heading\" data-id=\"4e9b5d0\" data-element_type=\"widget\" data-widget_type=\"heading.default\">\n\t\t\t\t<div class=\"elementor-widget-container\">\n\t\t\t<h2 class=\"elementor-heading-title elementor-size-default\">Verified Gross Mass (VGM) weighing<\/h2>\t\t<\/div>\n\t\t\t\t<\/div>\n\t\t\t\t<div class=\"elementor-element elementor-element-6015f49 elementor-widget elementor-widget-text-editor\" data-id=\"6015f49\" data-element_type=\"widget\" data-widget_type=\"text-editor.default\">\n\t\t\t\t<div class=\"elementor-widget-container\">\n\t\t\t\t\t\t\t<p>Generate accurate data on container tonnages.<\/p>\t\t\t\t\t\t<\/div>\n\t\t\t\t<\/div>\n\t\t\t\t<\/div>\n\t\t\t\t<\/div>\n\t\t\t\t<\/div>\n\t\t<div class=\"elementor-element elementor-element-5f8b8a9 e-con-full e-flex e-con e-child\" data-id=\"5f8b8a9\" data-element_type=\"container\">\n\t\t<div class=\"elementor-element elementor-element-43cc740 e-con-full e-flex e-con e-child\" data-id=\"43cc740\" data-element_type=\"container\">\n\t\t<div class=\"elementor-element elementor-element-9e58020 e-con-full e-flex e-con e-child\" data-id=\"9e58020\" data-element_type=\"container\">\n\t\t\t\t<div class=\"elementor-element elementor-element-8b5e5dd elementor-widget elementor-widget-heading\" data-id=\"8b5e5dd\" data-element_type=\"widget\" data-widget_type=\"heading.default\">\n\t\t\t\t<div class=\"elementor-widget-container\">\n\t\t\t<h2 class=\"elementor-heading-title elementor-size-default\">Truck axle weighing (PEC)<\/h2>\t\t<\/div>\n\t\t\t\t<\/div>\n\t\t\t\t<div class=\"elementor-element elementor-element-a603d56 elementor-widget elementor-widget-text-editor\" data-id=\"a603d56\" data-element_type=\"widget\" data-widget_type=\"text-editor.default\">\n\t\t\t\t<div class=\"elementor-widget-container\">\n\t\t\t\t\t\t\t<p>Perform dynamic weighing of vehicle axles to check for overloading.<\/p>\t\t\t\t\t\t<\/div>\n\t\t\t\t<\/div>\n\t\t\t\t<\/div>\n\t\t\t\t<\/div>\n\t\t\t\t<\/div>\n\t\t\t\t\t<\/div>\n\t\t\t\t<\/div>\n\t\t<div class=\"elementor-element elementor-element-d8d63ac e-flex e-con-boxed e-con e-parent\" data-id=\"d8d63ac\" data-element_type=\"container\" id=\"#actualit\u00e9s\">\n\t\t\t\t\t<div class=\"e-con-inner\">\n\t\t<div class=\"elementor-element elementor-element-eb3c0cb e-con-full e-flex e-con e-child\" data-id=\"eb3c0cb\" data-element_type=\"container\">\n\t\t<div class=\"elementor-element elementor-element-8e81937 e-con-full e-flex e-con e-child\" data-id=\"8e81937\" data-element_type=\"container\">\n\t\t<div class=\"elementor-element elementor-element-6df88c1 e-con-full e-flex e-con e-child\" data-id=\"6df88c1\" data-element_type=\"container\">\n\t\t\t\t<div class=\"elementor-element elementor-element-065cd1c elementor-widget elementor-widget-heading\" data-id=\"065cd1c\" data-element_type=\"widget\" data-widget_type=\"heading.default\">\n\t\t\t\t<div class=\"elementor-widget-container\">\n\t\t\t<h2 class=\"elementor-heading-title elementor-size-default\">Latest updates<\/h2>\t\t<\/div>\n\t\t\t\t<\/div>\n\t\t\t\t<div class=\"elementor-element elementor-element-49bf6e4 elementor-widget-divider--view-line elementor-widget elementor-widget-divider\" data-id=\"49bf6e4\" data-element_type=\"widget\" data-widget_type=\"divider.default\">\n\t\t\t\t<div class=\"elementor-widget-container\">\n\t\t\t\t\t<div class=\"elementor-divider\">\n\t\t\t<span class=\"elementor-divider-separator\">\n\t\t\t\t\t\t<\/span>\n\t\t<\/div>\n\t\t\t\t<\/div>\n\t\t\t\t<\/div>\n\t\t\t\t<\/div>\n\t\t\t\t<\/div>\n\t\t\t\t<\/div>\n\t\t\t\t\t<\/div>\n\t\t\t\t<\/div>\n\t\t<div class=\"elementor-element elementor-element-68e5ebf e-flex e-con-boxed e-con e-parent\" data-id=\"68e5ebf\" data-element_type=\"container\">\n\t\t\t\t\t<div class=\"e-con-inner\">\n\t\t\t\t<div class=\"elementor-element elementor-element-51ba481 elementor-posts--align-left elementor-grid-3 elementor-grid-tablet-2 elementor-grid-mobile-1 elementor-posts--thumbnail-top elementor-card-shadow-yes elementor-posts__hover-gradient elementor-widget elementor-widget-posts\" data-id=\"51ba481\" data-element_type=\"widget\" data-settings=\"{&quot;cards_columns&quot;:&quot;3&quot;,&quot;cards_columns_tablet&quot;:&quot;2&quot;,&quot;cards_columns_mobile&quot;:&quot;1&quot;,&quot;cards_row_gap&quot;:{&quot;unit&quot;:&quot;px&quot;,&quot;size&quot;:35,&quot;sizes&quot;:[]},&quot;cards_row_gap_tablet&quot;:{&quot;unit&quot;:&quot;px&quot;,&quot;size&quot;:&quot;&quot;,&quot;sizes&quot;:[]},&quot;cards_row_gap_mobile&quot;:{&quot;unit&quot;:&quot;px&quot;,&quot;size&quot;:&quot;&quot;,&quot;sizes&quot;:[]}}\" data-widget_type=\"posts.cards\">\n\t\t\t\t<div class=\"elementor-widget-container\">\n\t\t\t\t\t<div class=\"elementor-posts-container elementor-posts elementor-posts--skin-cards elementor-grid\">\n\t\t\t\t<article class=\"elementor-post elementor-grid-item post-2520 post type-post status-publish format-standard has-post-thumbnail hentry category-non-classe tag-convention-de-partenariat tag-investissement-au-gabon tag-partenariat-entre-bfc-group-et-letat-gabonais tag-partenariat-public-prive tag-travaux-publics-gabon\">\n\t\t\t<div class=\"elementor-post__card\">\n\t\t\t\t<a class=\"elementor-post__thumbnail__link\" href=\"https:\/\/wsg-sas.com\/en\/%f0%9d%90%92%f0%9d%90%88%f0%9d%90%86%f0%9d%90%8d%f0%9d%90%80%f0%9d%90%93%f0%9d%90%94%f0%9d%90%91%f0%9d%90%84-%f0%9d%90%83%f0%9d%90%84-%f0%9d%90%82%f0%9d%90%8e%f0%9d%90%8d%f0%9d%90%95%f0%9d%90%84\/\" ><div class=\"elementor-post__thumbnail\"><img decoding=\"async\" width=\"300\" height=\"200\" src=\"https:\/\/wsg-sas.com\/wp-content\/uploads\/2024\/12\/IMG-20241212-WA0008-2-300x200.jpg\" class=\"attachment-medium size-medium wp-image-2528\" alt=\"\" srcset=\"https:\/\/wsg-sas.com\/wp-content\/uploads\/2024\/12\/IMG-20241212-WA0008-2-300x200.jpg 300w, https:\/\/wsg-sas.com\/wp-content\/uploads\/2024\/12\/IMG-20241212-WA0008-2-1024x682.jpg 1024w, https:\/\/wsg-sas.com\/wp-content\/uploads\/2024\/12\/IMG-20241212-WA0008-2-768x512.jpg 768w, https:\/\/wsg-sas.com\/wp-content\/uploads\/2024\/12\/IMG-20241212-WA0008-2-18x12.jpg 18w, https:\/\/wsg-sas.com\/wp-content\/uploads\/2024\/12\/IMG-20241212-WA0008-2.jpg 1280w\" sizes=\"(max-width: 300px) 100vw, 300px\" \/><\/div><\/a>\n\t\t\t\t<div class=\"elementor-post__text\">\n\t\t\t\t<h3 class=\"elementor-post__title\">\n\t\t\t<a href=\"https:\/\/wsg-sas.com\/en\/%f0%9d%90%92%f0%9d%90%88%f0%9d%90%86%f0%9d%90%8d%f0%9d%90%80%f0%9d%90%93%f0%9d%90%94%f0%9d%90%91%f0%9d%90%84-%f0%9d%90%83%f0%9d%90%84-%f0%9d%90%82%f0%9d%90%8e%f0%9d%90%8d%f0%9d%90%95%f0%9d%90%84\/\" >\n\t\t\t\t\ud835\udc12\ud835\udc08\ud835\udc06\ud835\udc0d\ud835\udc00\ud835\udc13\ud835\udc14\ud835\udc11\ud835\udc04 \ud835\udc03\ud835\udc04 \ud835\udc02\ud835\udc0e\ud835\udc0d\ud835\udc15\ud835\udc04\ud835\udc0d\ud835\udc13\ud835\udc08\ud835\udc0e\ud835\udc0d, \ud835\udc0b\ud835\udc08\ud835\udc01\ud835\udc11\ud835\udc04\ud835\udc15\ud835\udc08\ud835\udc0b\ud835\udc0b\ud835\udc04 \ud835\udc0b\ud835\udc04 \ud835\udfcf\ud835\udfcf \ud835\udc03\ud835\udc04\ud835\udc02\ud835\udc04\ud835\udc0c\ud835\udc01\ud835\udc11\ud835\udc04 \ud835\udfd0\ud835\udfce\ud835\udfd0\ud835\udfd2 !\t\t\t<\/a>\n\t\t<\/h3>\n\t\t\t\t<div class=\"elementor-post__excerpt\">\n\t\t\t<p>La CEO de Business Facilities Corporation Group S.A (BFC), Carole Mbessa Elongo, a proc\u00e9d\u00e9 le 11 d\u00e9cembre 2024, \u00e0 la signature de la convention de<\/p>\n\t\t<\/div>\n\t\t\t\t<\/div>\n\t\t\t\t<div class=\"elementor-post__meta-data\">\n\t\t\t\t\t<span class=\"elementor-post-date\">\n\t\t\t27 December 2024\t\t<\/span>\n\t\t\t\t<span class=\"elementor-post-avatar\">\n\t\t\tNo Comments\t\t<\/span>\n\t\t\t\t<\/div>\n\t\t\t\t\t<\/div>\n\t\t<\/article>\n\t\t\t\t<\/div>\n\n\n\t\t\n\t\t\t\t<\/div>\n\t\t\t\t<\/div>\n\t\t\t\t\t<\/div>\n\t\t\t\t<\/div>\n\t\t\t\t<\/div>","protected":false},"excerpt":{"rendered":"<p>PESER, C&rsquo;EST PRESERVER! Optimisation des infrastructures et des transports avec des services fiables \u00c0 propos WSG (Weighing Services for Gabon) est une filiale du Groupe BFC SA, sp\u00e9cialis\u00e9e dans les solutions de pesage et de p\u00e9age. Notre mission est de fournir des services de haute qualit\u00e9 qui am\u00e9liorent la gestion des infrastructures routi\u00e8res et optimisent [&hellip;]<\/p>","protected":false},"author":12,"featured_media":0,"parent":0,"menu_order":0,"comment_status":"closed","ping_status":"closed","template":"","meta":{"_surecart_dashboard_logo_width":"180px","_surecart_dashboard_show_logo":true,"_surecart_dashboard_navigation_orders":true,"_surecart_dashboard_navigation_subscriptions":true,"_surecart_dashboard_navigation_downloads":true,"_surecart_dashboard_navigation_billing":true,"_surecart_dashboard_navigation_account":true,"_uag_custom_page_level_css":"","site-sidebar-layout":"no-sidebar","site-content-layout":"page-builder","ast-site-content-layout":"","site-content-style":"default","site-sidebar-style":"default","ast-global-header-display":"","ast-banner-title-visibility":"","ast-main-header-display":"","ast-hfb-above-header-display":"","ast-hfb-below-header-display":"","ast-hfb-mobile-header-display":"","site-post-title":"disabled","ast-breadcrumbs-content":"","ast-featured-img":"disabled","footer-sml-layout":"","theme-transparent-header-meta":"enabled","adv-header-id-meta":"","stick-header-meta":"","header-above-stick-meta":"","header-main-stick-meta":"","header-below-stick-meta":"","astra-migrate-meta-layouts":"default","ast-page-background-enabled":"default","ast-page-background-meta":{"desktop":{"background-color":"","background-image":"","background-repeat":"repeat","background-position":"center center","background-size":"auto","background-attachment":"scroll","background-type":"","background-media":"","overlay-type":"","overlay-color":"","overlay-opacity":"","overlay-gradient":""},"tablet":{"background-color":"","background-image":"","background-repeat":"repeat","background-position":"center center","background-size":"auto","background-attachment":"scroll","background-type":"","background-media":"","overlay-type":"","overlay-color":"","overlay-opacity":"","overlay-gradient":""},"mobile":{"background-color":"","background-image":"","background-repeat":"repeat","background-position":"center center","background-size":"auto","background-attachment":"scroll","background-type":"","background-media":"","overlay-type":"","overlay-color":"","overlay-opacity":"","overlay-gradient":""}},"ast-content-background-meta":{"desktop":{"background-color":"var(--ast-global-color-5)","background-image":"","background-repeat":"repeat","background-position":"center center","background-size":"auto","background-attachment":"scroll","background-type":"","background-media":"","overlay-type":"","overlay-color":"","overlay-opacity":"","overlay-gradient":""},"tablet":{"background-color":"var(--ast-global-color-5)","background-image":"","background-repeat":"repeat","background-position":"center center","background-size":"auto","background-attachment":"scroll","background-type":"","background-media":"","overlay-type":"","overlay-color":"","overlay-opacity":"","overlay-gradient":""},"mobile":{"background-color":"var(--ast-global-color-5)","background-image":"","background-repeat":"repeat","background-position":"center center","background-size":"auto","background-attachment":"scroll","background-type":"","background-media":"","overlay-type":"","overlay-color":"","overlay-opacity":"","overlay-gradient":""}},"footnotes":""},"class_list":["post-355","page","type-page","status-publish","hentry"],"uagb_featured_image_src":{"full":false,"thumbnail":false,"medium":false,"medium_large":false,"large":false,"1536x1536":false,"2048x2048":false,"trp-custom-language-flag":false},"uagb_author_info":{"display_name":"My Admin","author_link":"https:\/\/wsg-sas.com\/en\/author\/admim\/"},"uagb_comment_info":0,"uagb_excerpt":"PESER, C&rsquo;EST PRESERVER! Optimisation des infrastructures et des transports avec des services fiables \u00c0 propos WSG (Weighing Services for Gabon) est une filiale du Groupe BFC SA, sp\u00e9cialis\u00e9e dans les solutions de pesage et de p\u00e9age. Notre mission est de fournir des services de haute qualit\u00e9 qui am\u00e9liorent la gestion des infrastructures routi\u00e8res et optimisent&hellip;","_links":{"self":[{"href":"https:\/\/wsg-sas.com\/en\/wp-json\/wp\/v2\/pages\/355","targetHints":{"allow":["GET"]}}],"collection":[{"href":"https:\/\/wsg-sas.com\/en\/wp-json\/wp\/v2\/pages"}],"about":[{"href":"https:\/\/wsg-sas.com\/en\/wp-json\/wp\/v2\/types\/page"}],"author":[{"embeddable":true,"href":"https:\/\/wsg-sas.com\/en\/wp-json\/wp\/v2\/users\/12"}],"replies":[{"embeddable":true,"href":"https:\/\/wsg-sas.com\/en\/wp-json\/wp\/v2\/comments?post=355"}],"version-history":[{"count":57,"href":"https:\/\/wsg-sas.com\/en\/wp-json\/wp\/v2\/pages\/355\/revisions"}],"predecessor-version":[{"id":2504,"href":"https:\/\/wsg-sas.com\/en\/wp-json\/wp\/v2\/pages\/355\/revisions\/2504"}],"wp:attachment":[{"href":"https:\/\/wsg-sas.com\/en\/wp-json\/wp\/v2\/media?parent=355"}],"curies":[{"name":"wp","href":"https:\/\/api.w.org\/{rel}","templated":true}]}}